{"id":683,"date":"2020-03-23T08:56:47","date_gmt":"2020-03-23T07:56:47","guid":{"rendered":"http:\/\/punktprojektowy.pl\/?page_id=683"},"modified":"2024-01-19T10:58:32","modified_gmt":"2024-01-19T09:58:32","slug":"jak-zrobic-zakupy","status":"publish","type":"page","link":"https:\/\/punktprojektowy.pl\/index.php\/jak-zrobic-zakupy\/","title":{"rendered":"Jak zrobi\u0107 zakupy"},"content":{"rendered":"\n<h2 class=\"wp-block-heading\">Jak zrobi\u0107 zakupy z projektu<\/h2>\n\n\n\n<p> Click &amp; Collect: zam\u00f3w online i odbierz w Sklepie  &nbsp;<a href=\"https:\/\/www.castorama.pl\/informacje\/zamow-i-odbierz\">&gt;&gt;&gt;<\/a><\/p>\n\n\n\n<p> Click &amp; Transport &#8211; zam\u00f3w z dostaw\u0105   <a href=\"https:\/\/www.castorama.pl\/informacje\/zamow-z-dostawa\">&gt;&gt;&gt;<\/a><\/p>\n\n\n\n<p>Zakupy przez telefon w Castorama Warszawa-W\u0142ochy, ul. Popularna 71, 02-473 Warszawa: <br>tel. 22 57 17 182  <\/p>\n\n\n\n<p> Poprzez aplikacj\u0119 Castorama &#8211; wygodne zakupy   <a href=\"https:\/\/www.castorama.pl\/aplikacja-mobilna\">>>><\/a><\/p>\n\n\n\n<p> Metody p\u0142atno\u015bci   <a href=\"https:\/\/www.castorama.pl\/informacje\/metody-platnosci\">&gt;&gt;&gt;<\/a><\/p>\n","protected":false},"excerpt":{"rendered":"<div class=\"slide-text-bg2\">\n<h3>Jak zrobi\u0107 zakupy z projektu Click &amp; Collect: zam\u00f3w online i odbierz w Sklepie &nbsp;&gt;&gt;&gt; Click &amp; Transport &#8211; zam\u00f3w<\/h3>\n<\/div>\n<div class=\"flex-btn-div\"><a href=\"https:\/\/punktprojektowy.pl\/index.php\/jak-zrobic-zakupy\/\" class=\"btn1 flex-btn\">Read More<\/a><\/div>\n","protected":false},"author":1,"featured_media":0,"parent":0,"menu_order":0,"comment_status":"closed","ping_status":"closed","template":"","meta":{"ngg_post_thumbnail":0,"footnotes":""},"class_list":["post-683","page","type-page","status-publish","hentry"],"yoast_head":"<!-- This site is optimized with the Yoast SEO plugin v27.4 - https:\/\/yoast.com\/product\/yoast-seo-wordpress\/ -->\n<title>Jak zrobi\u0107 zakupy &#060; Aneta Socha - projektant<\/title>\n<meta name=\"robots\" content=\"index, follow, max-snippet:-1, max-image-preview:large, max-video-preview:-1\" \/>\n<link rel=\"canonical\" href=\"https:\/\/punktprojektowy.pl\/index.php\/jak-zrobic-zakupy\/\" \/>\n<meta property=\"og:locale\" content=\"pl_PL\" \/>\n<meta property=\"og:type\" content=\"article\" \/>\n<meta property=\"og:title\" content=\"Jak zrobi\u0107 zakupy &#060; Aneta Socha - projektant\" \/>\n<meta property=\"og:description\" content=\"Jak zrobi\u0107 zakupy z projektu Click &amp; Collect: zam\u00f3w online i odbierz w Sklepie &nbsp;&gt;&gt;&gt; Click &amp; Transport &#8211; zam\u00f3wRead More\" \/>\n<meta property=\"og:url\" content=\"https:\/\/punktprojektowy.pl\/index.php\/jak-zrobic-zakupy\/\" \/>\n<meta property=\"og:site_name\" content=\"Aneta Socha - projektant\" \/>\n<meta property=\"article:publisher\" content=\"https:\/\/www.facebook.com\/projektowy\" \/>\n<meta property=\"article:modified_time\" content=\"2024-01-19T09:58:32+00:00\" \/>\n<meta name=\"twitter:card\" content=\"summary_large_image\" \/>\n<meta name=\"twitter:label1\" content=\"Szacowany czas czytania\" \/>\n\t<meta name=\"twitter:data1\" content=\"1 minuta\" \/>\n<script type=\"application\/ld+json\" class=\"yoast-schema-graph\">{\"@context\":\"https:\\\/\\\/schema.org\",\"@graph\":[{\"@type\":\"WebPage\",\"@id\":\"https:\\\/\\\/punktprojektowy.pl\\\/index.php\\\/jak-zrobic-zakupy\\\/\",\"url\":\"https:\\\/\\\/punktprojektowy.pl\\\/index.php\\\/jak-zrobic-zakupy\\\/\",\"name\":\"Jak zrobi\u0107 zakupy &#060; Aneta Socha - projektant\",\"isPartOf\":{\"@id\":\"https:\\\/\\\/punktprojektowy.pl\\\/#website\"},\"datePublished\":\"2020-03-23T07:56:47+00:00\",\"dateModified\":\"2024-01-19T09:58:32+00:00\",\"breadcrumb\":{\"@id\":\"https:\\\/\\\/punktprojektowy.pl\\\/index.php\\\/jak-zrobic-zakupy\\\/#breadcrumb\"},\"inLanguage\":\"pl-PL\",\"potentialAction\":[{\"@type\":\"ReadAction\",\"target\":[\"https:\\\/\\\/punktprojektowy.pl\\\/index.php\\\/jak-zrobic-zakupy\\\/\"]}]},{\"@type\":\"BreadcrumbList\",\"@id\":\"https:\\\/\\\/punktprojektowy.pl\\\/index.php\\\/jak-zrobic-zakupy\\\/#breadcrumb\",\"itemListElement\":[{\"@type\":\"ListItem\",\"position\":1,\"name\":\"Strona g\u0142\u00f3wna\",\"item\":\"https:\\\/\\\/punktprojektowy.pl\\\/\"},{\"@type\":\"ListItem\",\"position\":2,\"name\":\"Jak zrobi\u0107 zakupy\"}]},{\"@type\":\"WebSite\",\"@id\":\"https:\\\/\\\/punktprojektowy.pl\\\/#website\",\"url\":\"https:\\\/\\\/punktprojektowy.pl\\\/\",\"name\":\"Aneta Socha - projektant\",\"description\":\"Projektowanie kuchni, \u0142azienki, garderoby w Sklepie Castorama Warszawa-W\u0142ochy\",\"publisher\":{\"@id\":\"https:\\\/\\\/punktprojektowy.pl\\\/#organization\"},\"potentialAction\":[{\"@type\":\"SearchAction\",\"target\":{\"@type\":\"EntryPoint\",\"urlTemplate\":\"https:\\\/\\\/punktprojektowy.pl\\\/?s={search_term_string}\"},\"query-input\":{\"@type\":\"PropertyValueSpecification\",\"valueRequired\":true,\"valueName\":\"search_term_string\"}}],\"inLanguage\":\"pl-PL\"},{\"@type\":\"Organization\",\"@id\":\"https:\\\/\\\/punktprojektowy.pl\\\/#organization\",\"name\":\"Punkt Projektowy Castorama Warszawa-W\u0142ochy\",\"url\":\"https:\\\/\\\/punktprojektowy.pl\\\/\",\"logo\":{\"@type\":\"ImageObject\",\"inLanguage\":\"pl-PL\",\"@id\":\"https:\\\/\\\/punktprojektowy.pl\\\/#\\\/schema\\\/logo\\\/image\\\/\",\"url\":\"http:\\\/\\\/punktprojektowy.pl\\\/wp-content\\\/uploads\\\/2019\\\/05\\\/logo.jpg\",\"contentUrl\":\"http:\\\/\\\/punktprojektowy.pl\\\/wp-content\\\/uploads\\\/2019\\\/05\\\/logo.jpg\",\"width\":311,\"height\":307,\"caption\":\"Punkt Projektowy Castorama Warszawa-W\u0142ochy\"},\"image\":{\"@id\":\"https:\\\/\\\/punktprojektowy.pl\\\/#\\\/schema\\\/logo\\\/image\\\/\"},\"sameAs\":[\"https:\\\/\\\/www.facebook.com\\\/projektowy\"]}]}<\/script>\n<!-- \/ Yoast SEO plugin. -->","yoast_head_json":{"title":"Jak zrobi\u0107 zakupy &#060; Aneta Socha - projektant","robots":{"index":"index","follow":"follow","max-snippet":"max-snippet:-1","max-image-preview":"max-image-preview:large","max-video-preview":"max-video-preview:-1"},"canonical":"https:\/\/punktprojektowy.pl\/index.php\/jak-zrobic-zakupy\/","og_locale":"pl_PL","og_type":"article","og_title":"Jak zrobi\u0107 zakupy &#060; Aneta Socha - projektant","og_description":"Jak zrobi\u0107 zakupy z projektu Click &amp; Collect: zam\u00f3w online i odbierz w Sklepie &nbsp;&gt;&gt;&gt; Click &amp; Transport &#8211; zam\u00f3wRead More","og_url":"https:\/\/punktprojektowy.pl\/index.php\/jak-zrobic-zakupy\/","og_site_name":"Aneta Socha - projektant","article_publisher":"https:\/\/www.facebook.com\/projektowy","article_modified_time":"2024-01-19T09:58:32+00:00","twitter_card":"summary_large_image","twitter_misc":{"Szacowany czas czytania":"1 minuta"},"schema":{"@context":"https:\/\/schema.org","@graph":[{"@type":"WebPage","@id":"https:\/\/punktprojektowy.pl\/index.php\/jak-zrobic-zakupy\/","url":"https:\/\/punktprojektowy.pl\/index.php\/jak-zrobic-zakupy\/","name":"Jak zrobi\u0107 zakupy &#060; Aneta Socha - projektant","isPartOf":{"@id":"https:\/\/punktprojektowy.pl\/#website"},"datePublished":"2020-03-23T07:56:47+00:00","dateModified":"2024-01-19T09:58:32+00:00","breadcrumb":{"@id":"https:\/\/punktprojektowy.pl\/index.php\/jak-zrobic-zakupy\/#breadcrumb"},"inLanguage":"pl-PL","potentialAction":[{"@type":"ReadAction","target":["https:\/\/punktprojektowy.pl\/index.php\/jak-zrobic-zakupy\/"]}]},{"@type":"BreadcrumbList","@id":"https:\/\/punktprojektowy.pl\/index.php\/jak-zrobic-zakupy\/#breadcrumb","itemListElement":[{"@type":"ListItem","position":1,"name":"Strona g\u0142\u00f3wna","item":"https:\/\/punktprojektowy.pl\/"},{"@type":"ListItem","position":2,"name":"Jak zrobi\u0107 zakupy"}]},{"@type":"WebSite","@id":"https:\/\/punktprojektowy.pl\/#website","url":"https:\/\/punktprojektowy.pl\/","name":"Aneta Socha - projektant","description":"Projektowanie kuchni, \u0142azienki, garderoby w Sklepie Castorama Warszawa-W\u0142ochy","publisher":{"@id":"https:\/\/punktprojektowy.pl\/#organization"},"potentialAction":[{"@type":"SearchAction","target":{"@type":"EntryPoint","urlTemplate":"https:\/\/punktprojektowy.pl\/?s={search_term_string}"},"query-input":{"@type":"PropertyValueSpecification","valueRequired":true,"valueName":"search_term_string"}}],"inLanguage":"pl-PL"},{"@type":"Organization","@id":"https:\/\/punktprojektowy.pl\/#organization","name":"Punkt Projektowy Castorama Warszawa-W\u0142ochy","url":"https:\/\/punktprojektowy.pl\/","logo":{"@type":"ImageObject","inLanguage":"pl-PL","@id":"https:\/\/punktprojektowy.pl\/#\/schema\/logo\/image\/","url":"http:\/\/punktprojektowy.pl\/wp-content\/uploads\/2019\/05\/logo.jpg","contentUrl":"http:\/\/punktprojektowy.pl\/wp-content\/uploads\/2019\/05\/logo.jpg","width":311,"height":307,"caption":"Punkt Projektowy Castorama Warszawa-W\u0142ochy"},"image":{"@id":"https:\/\/punktprojektowy.pl\/#\/schema\/logo\/image\/"},"sameAs":["https:\/\/www.facebook.com\/projektowy"]}]}},"_links":{"self":[{"href":"https:\/\/punktprojektowy.pl\/index.php\/wp-json\/wp\/v2\/pages\/683","targetHints":{"allow":["GET"]}}],"collection":[{"href":"https:\/\/punktprojektowy.pl\/index.php\/wp-json\/wp\/v2\/pages"}],"about":[{"href":"https:\/\/punktprojektowy.pl\/index.php\/wp-json\/wp\/v2\/types\/page"}],"author":[{"embeddable":true,"href":"https:\/\/punktprojektowy.pl\/index.php\/wp-json\/wp\/v2\/users\/1"}],"replies":[{"embeddable":true,"href":"https:\/\/punktprojektowy.pl\/index.php\/wp-json\/wp\/v2\/comments?post=683"}],"version-history":[{"count":7,"href":"https:\/\/punktprojektowy.pl\/index.php\/wp-json\/wp\/v2\/pages\/683\/revisions"}],"predecessor-version":[{"id":1457,"href":"https:\/\/punktprojektowy.pl\/index.php\/wp-json\/wp\/v2\/pages\/683\/revisions\/1457"}],"wp:attachment":[{"href":"https:\/\/punktprojektowy.pl\/index.php\/wp-json\/wp\/v2\/media?parent=683"}],"curies":[{"name":"wp","href":"https:\/\/api.w.org\/{rel}","templated":true}]}}