{"id":169,"date":"2019-05-06T12:34:59","date_gmt":"2019-05-06T10:34:59","guid":{"rendered":"http:\/\/punktprojektowy.pl\/?page_id=169"},"modified":"2024-09-30T17:08:14","modified_gmt":"2024-09-30T15:08:14","slug":"regulamin-uslugi-projektowej","status":"publish","type":"page","link":"https:\/\/punktprojektowy.pl\/index.php\/regulamin-uslugi-projektowej\/","title":{"rendered":"Warunki us\u0142ugi projektowej w Sklepie Castorama Warszawa-W\u0142ochy"},"content":{"rendered":"\n<h2 class=\"wp-block-heading\">Warunki us\u0142ugi projektowej<\/h2>\n\n\n\n<ol style=\"list-style-type:1\" class=\"wp-block-list\">\n<li>Us\u0142uga projektowa polega na wykonaniu <strong>wizualizacji <\/strong>oraz <strong>wyceny<\/strong> zawieraj\u0105cej orientacyjny koszt materia\u0142\u00f3w wskazanych przez Klienta i&nbsp;u\u017cytych do wizualizacji, dost\u0119pnych wy\u0142\u0105cznie w&nbsp;Sklepie Castorama.<\/li>\n\n\n\n<li>Wizualizacja przedstawia zagospodarowanie i&nbsp;aran\u017cacj\u0119 przestrzeni wskazanej przez Klienta zgodnie z podanymi przez Klienta wymiarami, w oparciu o&nbsp;wybrane przez Klienta produkty dost\u0119pne w&nbsp;Sklepie Castorama.<\/li>\n\n\n\n<li>Wizualizacja dotyczy jednego pomieszczenia.<\/li>\n\n\n\n<li>Wizualizacja stanowi <strong>projekt koncepcyjny<\/strong> i <strong>nie stanowi projektu wykonawczego<\/strong>.<\/li>\n\n\n\n<li>Wycena jest przygotowywana na podstawie sporz\u0105dzonej Wizualizacji.<\/li>\n\n\n\n<li>Wycena nie uwzgl\u0119dnia: kosztu materia\u0142\u00f3w pomocniczych, tj. m.in. klej\u00f3w, grunt\u00f3w; koszt\u00f3w robocizny i instalacji urz\u0105dze\u0144; innych koszt\u00f3w zwi\u0105zanych ze sprzeda\u017c\u0105 i dostaw\u0105 towar\u00f3w, wyko\u0144czeniem pomieszcze\u0144 i monta\u017cem produkt\u00f3w zakupionych w Sklepie.<\/li>\n\n\n\n<li>Warunkiem wykonania wizualizacji \u0142azienki jest zam\u00f3wienie us\u0142ugi projektowej, dokonanie przez Klienta <strong>Op\u0142aty 200 z\u0142 <\/strong>i&nbsp;przed\u0142o\u017cenie Projektantowi dowodu wp\u0142aty. Projektowanie kuchni jest bezp\u0142atne. <\/li>\n\n\n\n<li>Termin realizacji us\u0142ugi wynosi <strong>5 dni roboczych <\/strong>od dnia odbycia Sesji Projektowej. Czas ten mo\u017ce by\u0107 inny w zale\u017cno\u015bci&nbsp;od ustale\u0144 Klienta z Projektantem.<\/li>\n\n\n\n<li>Projektant &nbsp;po zako\u0144czeniu prac wysy\u0142a Klientowi wizualizacje i wycen\u0119 na wskazany adres email.<\/li>\n\n\n\n<li>W terminie 30 dni od sesji projektowej, Klient mo\u017ce dwukrotnie wnie\u015b\u0107 niewielkie poprawki, kt\u00f3re nie zmieni\u0105 znacz\u0105co projektu, ale pozwalaj\u0105 osi\u0105gn\u0105\u0107 zadowolenie Klienta.<\/li>\n\n\n\n<li>Wprowadzenie zmian&nbsp;wymiar\u00f3w powierzchni, kolor\u00f3w, kolekcji p\u0142ytek oraz ustawienia szafek i&nbsp;element\u00f3w wyposa\u017cenia wi\u0105\u017ce si\u0119 z konieczno\u015bci\u0105 uiszczenia kolejnej Op\u0142aty.<\/li>\n\n\n\n<li>Warunkiem otrzymania zwrotu ka\u017cdej wp\u0142aconej Op\u0142aty jest okazanie dowodu zakup\u00f3w dotycz\u0105cych projektu &nbsp;(paragonu lub faktury) dokonanych w ramach jednorazowej transakcji na kwot\u0119 <strong>nie mniejsz\u0105 ni\u017c 2.500 z\u0142 w Sklepie Castorama<\/strong>. Zwrot Op\u0142aty przys\u0142uguje <strong>w&nbsp;ci\u0105gu roku <\/strong>od daty zam\u00f3wienia projektu.<\/li>\n\n\n\n<li>Op\u0142ata jest zwracana <strong>w Kasie Zwrot\u00f3w<\/strong> w&nbsp;<strong>Sklepie Castorama Warszawa-W\u0142ochy<\/strong> po przed\u0142o\u017ceniu dowodu Op\u0142aty oraz dowodu dokonania zakup\u00f3w zwi\u0105zanych z tematem projektu, przy czym samo zam\u00f3wienie nie stanowi dowodu zakupu.<\/li>\n\n\n\n<li>Zwrot Op\u0142aty nie przys\u0142uguje w przypadku, gdy warto\u015b\u0107 zakup\u00f3w nie przekroczy zak\u0142adanego minimum 2.500 z\u0142, lub Klient zrezygnuje z dokonania zakup\u00f3w w Sklepie.<\/li>\n\n\n\n<li>Projektant oraz pracownicy Castoramy nie ponosz\u0105 odpowiedzialno\u015bci w przypadku jakichkolwiek p\u00f3\u017aniejszych zmian w projekcie wykonanych samodzielnie przez Klienta.<\/li>\n\n\n\n<li><strong>Wykonan\u0105 wizualizacj\u0119 nale\u017cy skonsultowa\u0107 z&nbsp;wykonawc\u0105 <\/strong>w celu weryfikacji projektu i ilo\u015bci zamawianego towaru.<\/li>\n\n\n\n<li><strong>Odpowiedzialno\u015b\u0107 za zam\u00f3wienie towaru, w&nbsp;tym ilo\u015bci i rodzaju zamawianych artyku\u0142\u00f3w&nbsp; ponosi Klient.<\/strong><\/li>\n\n\n\n<li>W celu realizacji us\u0142ugi projektowej <strong>Klient dobrowolnie udost\u0119pnia swoje dane osobowe<\/strong>. Do danych gromadzonych niezb\u0119dnych do realizacji us\u0142ugi projektowej nale\u017c\u0105: imi\u0119 i nazwisko, numer telefonu, adres email oraz opcjonalnie adres dostawy. Dane s\u0105 przetwarzane z<strong>godnie z polityk\u0105 prywatno\u015bci.<\/strong><\/li>\n\n\n\n<li>Powy\u017csze dane s\u0105 udost\u0119pniane <strong>Castorama Polska<\/strong> sp\u00f3\u0142ka z ograniczon\u0105 odpowiedzialno\u015bci\u0105 w&nbsp;celu realizacji us\u0142ugi.<\/li>\n\n\n\n<li>Administratorem danych osobowych jest firma projektowa.<\/li>\n\n\n\n<li>Dokonanie Op\u0142aty jest r\u00f3wnoznaczna z zaakceptowaniem niniejszych warunk\u00f3w us\u0142ugi projektowania w Sklepie Castorama.<\/li>\n\n\n\n<li>Wszelkie zapytania dotycz\u0105ce us\u0142ugi mo\u017cna kierowa\u0107 pod numer telefonu: 22 57-17-205 lub na adres: <a href=\"mailto:punktprojektowy@gmail.com\">punktprojektowy@gmail.com<\/a><\/li>\n<\/ol>\n\n\n\n<ul class=\"wp-block-list\">\n<li><a href=\"https:\/\/kuchnie.castorama.pl\/assets\/Regulaminy-uslug\/Regulamin-korzystania-z-uslugi-projektowania-z-projektantem-lub-doradca-20.04.pdf\">Szczeg\u00f3\u0142owy regulamin korzystania z us\u0142ugi projektowania<\/a> (2023-04-20)<\/li>\n<\/ul>\n\n\n\n<p class=\"has-text-align-right\"><em>[30-09-2024]<\/em><\/p>\n\n\n\n<p><\/p>\n","protected":false},"excerpt":{"rendered":"<div class=\"slide-text-bg2\">\n<h3>Warunki us\u0142ugi projektowej [30-09-2024]<\/h3>\n<\/div>\n<div class=\"flex-btn-div\"><a href=\"https:\/\/punktprojektowy.pl\/index.php\/regulamin-uslugi-projektowej\/\" class=\"btn1 flex-btn\">Read More<\/a><\/div>\n","protected":false},"author":1,"featured_media":0,"parent":0,"menu_order":0,"comment_status":"closed","ping_status":"closed","template":"","meta":{"ngg_post_thumbnail":0,"footnotes":""},"class_list":["post-169","page","type-page","status-publish","hentry"],"yoast_head":"<!-- This site is optimized with the Yoast SEO plugin v27.4 - https:\/\/yoast.com\/product\/yoast-seo-wordpress\/ -->\n<title>Warunki us\u0142ugi projektowej w Sklepie Castorama Warszawa-W\u0142ochy &#060; Aneta Socha - projektant<\/title>\n<meta name=\"description\" content=\"Szczeg\u00f3\u0142owe zasady zam\u00f3wienia i realizacji us\u0142ugi projektowej dost\u0119pnej w Sklepie Castorama Warszawa-W\u0142ochy.\" \/>\n<meta name=\"robots\" content=\"index, follow, max-snippet:-1, max-image-preview:large, max-video-preview:-1\" \/>\n<link rel=\"canonical\" href=\"https:\/\/punktprojektowy.pl\/index.php\/regulamin-uslugi-projektowej\/\" \/>\n<meta property=\"og:locale\" content=\"pl_PL\" \/>\n<meta property=\"og:type\" content=\"article\" \/>\n<meta property=\"og:title\" content=\"Warunki us\u0142ugi projektowej w Sklepie Castorama Warszawa-W\u0142ochy &#060; Aneta Socha - projektant\" \/>\n<meta property=\"og:description\" content=\"Szczeg\u00f3\u0142owe zasady zam\u00f3wienia i realizacji us\u0142ugi projektowej dost\u0119pnej w Sklepie Castorama Warszawa-W\u0142ochy.\" \/>\n<meta property=\"og:url\" content=\"https:\/\/punktprojektowy.pl\/index.php\/regulamin-uslugi-projektowej\/\" \/>\n<meta property=\"og:site_name\" content=\"Aneta Socha - projektant\" \/>\n<meta property=\"article:publisher\" content=\"https:\/\/www.facebook.com\/projektowy\" \/>\n<meta property=\"article:modified_time\" content=\"2024-09-30T15:08:14+00:00\" \/>\n<meta name=\"twitter:card\" content=\"summary_large_image\" \/>\n<meta name=\"twitter:label1\" content=\"Szacowany czas czytania\" \/>\n\t<meta name=\"twitter:data1\" content=\"3 minuty\" \/>\n<script type=\"application\/ld+json\" class=\"yoast-schema-graph\">{\"@context\":\"https:\\\/\\\/schema.org\",\"@graph\":[{\"@type\":\"WebPage\",\"@id\":\"https:\\\/\\\/punktprojektowy.pl\\\/index.php\\\/regulamin-uslugi-projektowej\\\/\",\"url\":\"https:\\\/\\\/punktprojektowy.pl\\\/index.php\\\/regulamin-uslugi-projektowej\\\/\",\"name\":\"Warunki us\u0142ugi projektowej w Sklepie Castorama Warszawa-W\u0142ochy &#060; Aneta Socha - projektant\",\"isPartOf\":{\"@id\":\"https:\\\/\\\/punktprojektowy.pl\\\/#website\"},\"datePublished\":\"2019-05-06T10:34:59+00:00\",\"dateModified\":\"2024-09-30T15:08:14+00:00\",\"description\":\"Szczeg\u00f3\u0142owe zasady zam\u00f3wienia i realizacji us\u0142ugi projektowej dost\u0119pnej w Sklepie Castorama Warszawa-W\u0142ochy.\",\"breadcrumb\":{\"@id\":\"https:\\\/\\\/punktprojektowy.pl\\\/index.php\\\/regulamin-uslugi-projektowej\\\/#breadcrumb\"},\"inLanguage\":\"pl-PL\",\"potentialAction\":[{\"@type\":\"ReadAction\",\"target\":[\"https:\\\/\\\/punktprojektowy.pl\\\/index.php\\\/regulamin-uslugi-projektowej\\\/\"]}]},{\"@type\":\"BreadcrumbList\",\"@id\":\"https:\\\/\\\/punktprojektowy.pl\\\/index.php\\\/regulamin-uslugi-projektowej\\\/#breadcrumb\",\"itemListElement\":[{\"@type\":\"ListItem\",\"position\":1,\"name\":\"Strona g\u0142\u00f3wna\",\"item\":\"https:\\\/\\\/punktprojektowy.pl\\\/\"},{\"@type\":\"ListItem\",\"position\":2,\"name\":\"Warunki us\u0142ugi projektowej w Sklepie Castorama Warszawa-W\u0142ochy\"}]},{\"@type\":\"WebSite\",\"@id\":\"https:\\\/\\\/punktprojektowy.pl\\\/#website\",\"url\":\"https:\\\/\\\/punktprojektowy.pl\\\/\",\"name\":\"Aneta Socha - projektant\",\"description\":\"Projektowanie kuchni, \u0142azienki, garderoby w Sklepie Castorama Warszawa-W\u0142ochy\",\"publisher\":{\"@id\":\"https:\\\/\\\/punktprojektowy.pl\\\/#organization\"},\"potentialAction\":[{\"@type\":\"SearchAction\",\"target\":{\"@type\":\"EntryPoint\",\"urlTemplate\":\"https:\\\/\\\/punktprojektowy.pl\\\/?s={search_term_string}\"},\"query-input\":{\"@type\":\"PropertyValueSpecification\",\"valueRequired\":true,\"valueName\":\"search_term_string\"}}],\"inLanguage\":\"pl-PL\"},{\"@type\":\"Organization\",\"@id\":\"https:\\\/\\\/punktprojektowy.pl\\\/#organization\",\"name\":\"Punkt Projektowy Castorama Warszawa-W\u0142ochy\",\"url\":\"https:\\\/\\\/punktprojektowy.pl\\\/\",\"logo\":{\"@type\":\"ImageObject\",\"inLanguage\":\"pl-PL\",\"@id\":\"https:\\\/\\\/punktprojektowy.pl\\\/#\\\/schema\\\/logo\\\/image\\\/\",\"url\":\"http:\\\/\\\/punktprojektowy.pl\\\/wp-content\\\/uploads\\\/2019\\\/05\\\/logo.jpg\",\"contentUrl\":\"http:\\\/\\\/punktprojektowy.pl\\\/wp-content\\\/uploads\\\/2019\\\/05\\\/logo.jpg\",\"width\":311,\"height\":307,\"caption\":\"Punkt Projektowy Castorama Warszawa-W\u0142ochy\"},\"image\":{\"@id\":\"https:\\\/\\\/punktprojektowy.pl\\\/#\\\/schema\\\/logo\\\/image\\\/\"},\"sameAs\":[\"https:\\\/\\\/www.facebook.com\\\/projektowy\"]}]}<\/script>\n<!-- \/ Yoast SEO plugin. -->","yoast_head_json":{"title":"Warunki us\u0142ugi projektowej w Sklepie Castorama Warszawa-W\u0142ochy &#060; Aneta Socha - projektant","description":"Szczeg\u00f3\u0142owe zasady zam\u00f3wienia i realizacji us\u0142ugi projektowej dost\u0119pnej w Sklepie Castorama Warszawa-W\u0142ochy.","robots":{"index":"index","follow":"follow","max-snippet":"max-snippet:-1","max-image-preview":"max-image-preview:large","max-video-preview":"max-video-preview:-1"},"canonical":"https:\/\/punktprojektowy.pl\/index.php\/regulamin-uslugi-projektowej\/","og_locale":"pl_PL","og_type":"article","og_title":"Warunki us\u0142ugi projektowej w Sklepie Castorama Warszawa-W\u0142ochy &#060; Aneta Socha - projektant","og_description":"Szczeg\u00f3\u0142owe zasady zam\u00f3wienia i realizacji us\u0142ugi projektowej dost\u0119pnej w Sklepie Castorama Warszawa-W\u0142ochy.","og_url":"https:\/\/punktprojektowy.pl\/index.php\/regulamin-uslugi-projektowej\/","og_site_name":"Aneta Socha - projektant","article_publisher":"https:\/\/www.facebook.com\/projektowy","article_modified_time":"2024-09-30T15:08:14+00:00","twitter_card":"summary_large_image","twitter_misc":{"Szacowany czas czytania":"3 minuty"},"schema":{"@context":"https:\/\/schema.org","@graph":[{"@type":"WebPage","@id":"https:\/\/punktprojektowy.pl\/index.php\/regulamin-uslugi-projektowej\/","url":"https:\/\/punktprojektowy.pl\/index.php\/regulamin-uslugi-projektowej\/","name":"Warunki us\u0142ugi projektowej w Sklepie Castorama Warszawa-W\u0142ochy &#060; Aneta Socha - projektant","isPartOf":{"@id":"https:\/\/punktprojektowy.pl\/#website"},"datePublished":"2019-05-06T10:34:59+00:00","dateModified":"2024-09-30T15:08:14+00:00","description":"Szczeg\u00f3\u0142owe zasady zam\u00f3wienia i realizacji us\u0142ugi projektowej dost\u0119pnej w Sklepie Castorama Warszawa-W\u0142ochy.","breadcrumb":{"@id":"https:\/\/punktprojektowy.pl\/index.php\/regulamin-uslugi-projektowej\/#breadcrumb"},"inLanguage":"pl-PL","potentialAction":[{"@type":"ReadAction","target":["https:\/\/punktprojektowy.pl\/index.php\/regulamin-uslugi-projektowej\/"]}]},{"@type":"BreadcrumbList","@id":"https:\/\/punktprojektowy.pl\/index.php\/regulamin-uslugi-projektowej\/#breadcrumb","itemListElement":[{"@type":"ListItem","position":1,"name":"Strona g\u0142\u00f3wna","item":"https:\/\/punktprojektowy.pl\/"},{"@type":"ListItem","position":2,"name":"Warunki us\u0142ugi projektowej w Sklepie Castorama Warszawa-W\u0142ochy"}]},{"@type":"WebSite","@id":"https:\/\/punktprojektowy.pl\/#website","url":"https:\/\/punktprojektowy.pl\/","name":"Aneta Socha - projektant","description":"Projektowanie kuchni, \u0142azienki, garderoby w Sklepie Castorama Warszawa-W\u0142ochy","publisher":{"@id":"https:\/\/punktprojektowy.pl\/#organization"},"potentialAction":[{"@type":"SearchAction","target":{"@type":"EntryPoint","urlTemplate":"https:\/\/punktprojektowy.pl\/?s={search_term_string}"},"query-input":{"@type":"PropertyValueSpecification","valueRequired":true,"valueName":"search_term_string"}}],"inLanguage":"pl-PL"},{"@type":"Organization","@id":"https:\/\/punktprojektowy.pl\/#organization","name":"Punkt Projektowy Castorama Warszawa-W\u0142ochy","url":"https:\/\/punktprojektowy.pl\/","logo":{"@type":"ImageObject","inLanguage":"pl-PL","@id":"https:\/\/punktprojektowy.pl\/#\/schema\/logo\/image\/","url":"http:\/\/punktprojektowy.pl\/wp-content\/uploads\/2019\/05\/logo.jpg","contentUrl":"http:\/\/punktprojektowy.pl\/wp-content\/uploads\/2019\/05\/logo.jpg","width":311,"height":307,"caption":"Punkt Projektowy Castorama Warszawa-W\u0142ochy"},"image":{"@id":"https:\/\/punktprojektowy.pl\/#\/schema\/logo\/image\/"},"sameAs":["https:\/\/www.facebook.com\/projektowy"]}]}},"_links":{"self":[{"href":"https:\/\/punktprojektowy.pl\/index.php\/wp-json\/wp\/v2\/pages\/169","targetHints":{"allow":["GET"]}}],"collection":[{"href":"https:\/\/punktprojektowy.pl\/index.php\/wp-json\/wp\/v2\/pages"}],"about":[{"href":"https:\/\/punktprojektowy.pl\/index.php\/wp-json\/wp\/v2\/types\/page"}],"author":[{"embeddable":true,"href":"https:\/\/punktprojektowy.pl\/index.php\/wp-json\/wp\/v2\/users\/1"}],"replies":[{"embeddable":true,"href":"https:\/\/punktprojektowy.pl\/index.php\/wp-json\/wp\/v2\/comments?post=169"}],"version-history":[{"count":18,"href":"https:\/\/punktprojektowy.pl\/index.php\/wp-json\/wp\/v2\/pages\/169\/revisions"}],"predecessor-version":[{"id":1593,"href":"https:\/\/punktprojektowy.pl\/index.php\/wp-json\/wp\/v2\/pages\/169\/revisions\/1593"}],"wp:attachment":[{"href":"https:\/\/punktprojektowy.pl\/index.php\/wp-json\/wp\/v2\/media?parent=169"}],"curies":[{"name":"wp","href":"https:\/\/api.w.org\/{rel}","templated":true}]}}