{"id":1223,"date":"2022-07-16T13:01:52","date_gmt":"2022-07-16T11:01:52","guid":{"rendered":"http:\/\/punktprojektowy.pl\/?page_id=1223"},"modified":"2024-01-19T11:04:43","modified_gmt":"2024-01-19T10:04:43","slug":"niezbedne-do-wizualizacji","status":"publish","type":"page","link":"https:\/\/punktprojektowy.pl\/index.php\/niezbedne-do-wizualizacji\/","title":{"rendered":"NIEZB\u0118DNE DO WIZUALIZACJI"},"content":{"rendered":"\n<h2 class=\"wp-block-heading\"><strong>Wyb\u00f3r artyku\u0142\u00f3w niezb\u0119dnych do wizualizacji<\/strong><\/h2>\n\n\n\n<ol class=\"wp-block-list\">\n<li>P\u0142ytki na \u015bcian\u0119<\/li>\n\n\n\n<li>P\u0142ytki na pod\u0142og\u0119<\/li>\n\n\n\n<li>Kolekcja szafek<\/li>\n\n\n\n<li>Umywalka<\/li>\n\n\n\n<li>Bateria umywalkowa (podtynkowa, na\u015bcienna, montowana na umywalce lub na blacie)<\/li>\n\n\n\n<li>Lustro (przyklejane do \u015bciany &#8211; montowane pomi\u0119dzy py\u0142ki, w ramie, okr\u0105g\u0142e, prostok\u0105tne, heksagonalne, z wbudowanym pod\u015bwietleniem)<\/li>\n\n\n\n<li>O\u015bwietlenie nad umywalk\u0105 (kinkiet pojedynczy, dwa kinkiety, lampy wisz\u0105ce z sufitu)<\/li>\n\n\n\n<li>O\u015bwietlenie sufitowe (plafon, spoty)<\/li>\n\n\n\n<li>Miska WC (stoj\u0105ca, podwieszana, okr\u0105g\u0142a, kwadratowa, z funkcj\u0105 bidetu) <\/li>\n\n\n\n<li>Przycisk (kszta\u0142t: okr\u0105g\u0142y, kwadratowy, kolor: chrom, czarny, z\u0142oty, bia\u0142y)<\/li>\n\n\n\n<li>Bidet <\/li>\n\n\n\n<li>Bateria bidetowa<\/li>\n\n\n\n<li>Kabina prysznicowa (drzwi prysznicowe przesuwne, otwierane, \u015bcianka, pe\u0142na kabina)&nbsp;&nbsp;&nbsp;&nbsp;&nbsp;&nbsp;&nbsp;&nbsp;&nbsp;&nbsp;&nbsp;&nbsp; <\/li>\n\n\n\n<li>Brodzik (niski, wysoki, kwadratowy, prostok\u0105tny, p\u00f3\u0142okr\u0105g\u0142y)&nbsp;&nbsp;&nbsp;&nbsp;&nbsp;&nbsp;&nbsp;&nbsp;&nbsp;&nbsp;&nbsp;&nbsp;&nbsp;&nbsp;&nbsp; <\/li>\n\n\n\n<li>Odp\u0142yw liniowy (z pokryw\u0105 stalow\u0105, z wbudowan\u0105 p\u0142ytk\u0105)&nbsp;&nbsp;&nbsp;&nbsp;&nbsp; <\/li>\n\n\n\n<li>Bateria prysznicowa (z kolumn\u0105 prysznicow\u0105, z zestawem prysznicowym, natynkowa, podtynkowa, chrom, czarna, z\u0142ota)&nbsp;&nbsp; <\/li>\n\n\n\n<li>Wanna (wymiar, przy\u015bcienna, wolnostoj\u0105ca, z funkcj\u0105 prysznica, zabudowana p\u0142ytkami czy panelem)<\/li>\n\n\n\n<li>Bateria wannowa (z deszczownic\u0105, tylko ze s\u0142uchawk\u0105 prysznicow\u0105 na dr\u0105\u017cku, z zestawem punktowym, natynkowa, podtynkowa, chrom, czarna, z\u0142ota)<\/li>\n\n\n\n<li>Parawan nawannowy (jednocz\u0119\u015bciowy, sk\u0142adany, chrom, czarny, inny)<\/li>\n<\/ol>\n\n\n\n<h2 class=\"wp-block-heading\"><strong>Artyku\u0142y dodatkowe<\/strong><\/h2>\n\n\n\n<ol class=\"wp-block-list\">\n<li>Dodatki (kolekcja akcesori\u00f3w \u0142azienkowych, dywanik \u0142azienkowy, ro\u015bliny doniczkowe, obrazy, inne dekoracje)<\/li>\n\n\n\n<li>Fuga<\/li>\n\n\n\n<li>Stela\u017c do misy wc&nbsp;&nbsp;&nbsp;&nbsp; <\/li>\n\n\n\n<li>Stela\u017c do bidetu&nbsp; <\/li>\n\n\n\n<li>Osprz\u0119t elektryczny (ramki, gniazda)<\/li>\n<\/ol>\n","protected":false},"excerpt":{"rendered":"<div class=\"slide-text-bg2\">\n<h3>Wyb\u00f3r artyku\u0142\u00f3w niezb\u0119dnych do wizualizacji Artyku\u0142y dodatkowe<\/h3>\n<\/div>\n<div class=\"flex-btn-div\"><a href=\"https:\/\/punktprojektowy.pl\/index.php\/niezbedne-do-wizualizacji\/\" class=\"btn1 flex-btn\">Read More<\/a><\/div>\n","protected":false},"author":1,"featured_media":0,"parent":0,"menu_order":0,"comment_status":"closed","ping_status":"closed","template":"","meta":{"ngg_post_thumbnail":0,"footnotes":""},"class_list":["post-1223","page","type-page","status-publish","hentry"],"yoast_head":"<!-- This site is optimized with the Yoast SEO plugin v27.4 - https:\/\/yoast.com\/product\/yoast-seo-wordpress\/ -->\n<title>NIEZB\u0118DNE DO WIZUALIZACJI &#060; Aneta Socha - projektant<\/title>\n<meta name=\"robots\" content=\"index, follow, max-snippet:-1, max-image-preview:large, max-video-preview:-1\" \/>\n<link rel=\"canonical\" href=\"https:\/\/punktprojektowy.pl\/index.php\/niezbedne-do-wizualizacji\/\" \/>\n<meta property=\"og:locale\" content=\"pl_PL\" \/>\n<meta property=\"og:type\" content=\"article\" \/>\n<meta property=\"og:title\" content=\"NIEZB\u0118DNE DO WIZUALIZACJI &#060; Aneta Socha - projektant\" \/>\n<meta property=\"og:description\" content=\"Wyb\u00f3r artyku\u0142\u00f3w niezb\u0119dnych do wizualizacji Artyku\u0142y dodatkoweRead More\" \/>\n<meta property=\"og:url\" content=\"https:\/\/punktprojektowy.pl\/index.php\/niezbedne-do-wizualizacji\/\" \/>\n<meta property=\"og:site_name\" content=\"Aneta Socha - projektant\" \/>\n<meta property=\"article:publisher\" content=\"https:\/\/www.facebook.com\/projektowy\" \/>\n<meta property=\"article:modified_time\" content=\"2024-01-19T10:04:43+00:00\" \/>\n<meta name=\"twitter:card\" content=\"summary_large_image\" \/>\n<meta name=\"twitter:label1\" content=\"Szacowany czas czytania\" \/>\n\t<meta name=\"twitter:data1\" content=\"2 minuty\" \/>\n<script type=\"application\/ld+json\" class=\"yoast-schema-graph\">{\"@context\":\"https:\\\/\\\/schema.org\",\"@graph\":[{\"@type\":\"WebPage\",\"@id\":\"https:\\\/\\\/punktprojektowy.pl\\\/index.php\\\/niezbedne-do-wizualizacji\\\/\",\"url\":\"https:\\\/\\\/punktprojektowy.pl\\\/index.php\\\/niezbedne-do-wizualizacji\\\/\",\"name\":\"NIEZB\u0118DNE DO WIZUALIZACJI &#060; Aneta Socha - projektant\",\"isPartOf\":{\"@id\":\"https:\\\/\\\/punktprojektowy.pl\\\/#website\"},\"datePublished\":\"2022-07-16T11:01:52+00:00\",\"dateModified\":\"2024-01-19T10:04:43+00:00\",\"breadcrumb\":{\"@id\":\"https:\\\/\\\/punktprojektowy.pl\\\/index.php\\\/niezbedne-do-wizualizacji\\\/#breadcrumb\"},\"inLanguage\":\"pl-PL\",\"potentialAction\":[{\"@type\":\"ReadAction\",\"target\":[\"https:\\\/\\\/punktprojektowy.pl\\\/index.php\\\/niezbedne-do-wizualizacji\\\/\"]}]},{\"@type\":\"BreadcrumbList\",\"@id\":\"https:\\\/\\\/punktprojektowy.pl\\\/index.php\\\/niezbedne-do-wizualizacji\\\/#breadcrumb\",\"itemListElement\":[{\"@type\":\"ListItem\",\"position\":1,\"name\":\"Strona g\u0142\u00f3wna\",\"item\":\"https:\\\/\\\/punktprojektowy.pl\\\/\"},{\"@type\":\"ListItem\",\"position\":2,\"name\":\"NIEZB\u0118DNE DO WIZUALIZACJI\"}]},{\"@type\":\"WebSite\",\"@id\":\"https:\\\/\\\/punktprojektowy.pl\\\/#website\",\"url\":\"https:\\\/\\\/punktprojektowy.pl\\\/\",\"name\":\"Aneta Socha - projektant\",\"description\":\"Projektowanie kuchni, \u0142azienki, garderoby w Sklepie Castorama Warszawa-W\u0142ochy\",\"publisher\":{\"@id\":\"https:\\\/\\\/punktprojektowy.pl\\\/#organization\"},\"potentialAction\":[{\"@type\":\"SearchAction\",\"target\":{\"@type\":\"EntryPoint\",\"urlTemplate\":\"https:\\\/\\\/punktprojektowy.pl\\\/?s={search_term_string}\"},\"query-input\":{\"@type\":\"PropertyValueSpecification\",\"valueRequired\":true,\"valueName\":\"search_term_string\"}}],\"inLanguage\":\"pl-PL\"},{\"@type\":\"Organization\",\"@id\":\"https:\\\/\\\/punktprojektowy.pl\\\/#organization\",\"name\":\"Punkt Projektowy Castorama Warszawa-W\u0142ochy\",\"url\":\"https:\\\/\\\/punktprojektowy.pl\\\/\",\"logo\":{\"@type\":\"ImageObject\",\"inLanguage\":\"pl-PL\",\"@id\":\"https:\\\/\\\/punktprojektowy.pl\\\/#\\\/schema\\\/logo\\\/image\\\/\",\"url\":\"http:\\\/\\\/punktprojektowy.pl\\\/wp-content\\\/uploads\\\/2019\\\/05\\\/logo.jpg\",\"contentUrl\":\"http:\\\/\\\/punktprojektowy.pl\\\/wp-content\\\/uploads\\\/2019\\\/05\\\/logo.jpg\",\"width\":311,\"height\":307,\"caption\":\"Punkt Projektowy Castorama Warszawa-W\u0142ochy\"},\"image\":{\"@id\":\"https:\\\/\\\/punktprojektowy.pl\\\/#\\\/schema\\\/logo\\\/image\\\/\"},\"sameAs\":[\"https:\\\/\\\/www.facebook.com\\\/projektowy\"]}]}<\/script>\n<!-- \/ Yoast SEO plugin. -->","yoast_head_json":{"title":"NIEZB\u0118DNE DO WIZUALIZACJI &#060; Aneta Socha - projektant","robots":{"index":"index","follow":"follow","max-snippet":"max-snippet:-1","max-image-preview":"max-image-preview:large","max-video-preview":"max-video-preview:-1"},"canonical":"https:\/\/punktprojektowy.pl\/index.php\/niezbedne-do-wizualizacji\/","og_locale":"pl_PL","og_type":"article","og_title":"NIEZB\u0118DNE DO WIZUALIZACJI &#060; Aneta Socha - projektant","og_description":"Wyb\u00f3r artyku\u0142\u00f3w niezb\u0119dnych do wizualizacji Artyku\u0142y dodatkoweRead More","og_url":"https:\/\/punktprojektowy.pl\/index.php\/niezbedne-do-wizualizacji\/","og_site_name":"Aneta Socha - projektant","article_publisher":"https:\/\/www.facebook.com\/projektowy","article_modified_time":"2024-01-19T10:04:43+00:00","twitter_card":"summary_large_image","twitter_misc":{"Szacowany czas czytania":"2 minuty"},"schema":{"@context":"https:\/\/schema.org","@graph":[{"@type":"WebPage","@id":"https:\/\/punktprojektowy.pl\/index.php\/niezbedne-do-wizualizacji\/","url":"https:\/\/punktprojektowy.pl\/index.php\/niezbedne-do-wizualizacji\/","name":"NIEZB\u0118DNE DO WIZUALIZACJI &#060; Aneta Socha - projektant","isPartOf":{"@id":"https:\/\/punktprojektowy.pl\/#website"},"datePublished":"2022-07-16T11:01:52+00:00","dateModified":"2024-01-19T10:04:43+00:00","breadcrumb":{"@id":"https:\/\/punktprojektowy.pl\/index.php\/niezbedne-do-wizualizacji\/#breadcrumb"},"inLanguage":"pl-PL","potentialAction":[{"@type":"ReadAction","target":["https:\/\/punktprojektowy.pl\/index.php\/niezbedne-do-wizualizacji\/"]}]},{"@type":"BreadcrumbList","@id":"https:\/\/punktprojektowy.pl\/index.php\/niezbedne-do-wizualizacji\/#breadcrumb","itemListElement":[{"@type":"ListItem","position":1,"name":"Strona g\u0142\u00f3wna","item":"https:\/\/punktprojektowy.pl\/"},{"@type":"ListItem","position":2,"name":"NIEZB\u0118DNE DO WIZUALIZACJI"}]},{"@type":"WebSite","@id":"https:\/\/punktprojektowy.pl\/#website","url":"https:\/\/punktprojektowy.pl\/","name":"Aneta Socha - projektant","description":"Projektowanie kuchni, \u0142azienki, garderoby w Sklepie Castorama Warszawa-W\u0142ochy","publisher":{"@id":"https:\/\/punktprojektowy.pl\/#organization"},"potentialAction":[{"@type":"SearchAction","target":{"@type":"EntryPoint","urlTemplate":"https:\/\/punktprojektowy.pl\/?s={search_term_string}"},"query-input":{"@type":"PropertyValueSpecification","valueRequired":true,"valueName":"search_term_string"}}],"inLanguage":"pl-PL"},{"@type":"Organization","@id":"https:\/\/punktprojektowy.pl\/#organization","name":"Punkt Projektowy Castorama Warszawa-W\u0142ochy","url":"https:\/\/punktprojektowy.pl\/","logo":{"@type":"ImageObject","inLanguage":"pl-PL","@id":"https:\/\/punktprojektowy.pl\/#\/schema\/logo\/image\/","url":"http:\/\/punktprojektowy.pl\/wp-content\/uploads\/2019\/05\/logo.jpg","contentUrl":"http:\/\/punktprojektowy.pl\/wp-content\/uploads\/2019\/05\/logo.jpg","width":311,"height":307,"caption":"Punkt Projektowy Castorama Warszawa-W\u0142ochy"},"image":{"@id":"https:\/\/punktprojektowy.pl\/#\/schema\/logo\/image\/"},"sameAs":["https:\/\/www.facebook.com\/projektowy"]}]}},"_links":{"self":[{"href":"https:\/\/punktprojektowy.pl\/index.php\/wp-json\/wp\/v2\/pages\/1223","targetHints":{"allow":["GET"]}}],"collection":[{"href":"https:\/\/punktprojektowy.pl\/index.php\/wp-json\/wp\/v2\/pages"}],"about":[{"href":"https:\/\/punktprojektowy.pl\/index.php\/wp-json\/wp\/v2\/types\/page"}],"author":[{"embeddable":true,"href":"https:\/\/punktprojektowy.pl\/index.php\/wp-json\/wp\/v2\/users\/1"}],"replies":[{"embeddable":true,"href":"https:\/\/punktprojektowy.pl\/index.php\/wp-json\/wp\/v2\/comments?post=1223"}],"version-history":[{"count":5,"href":"https:\/\/punktprojektowy.pl\/index.php\/wp-json\/wp\/v2\/pages\/1223\/revisions"}],"predecessor-version":[{"id":1461,"href":"https:\/\/punktprojektowy.pl\/index.php\/wp-json\/wp\/v2\/pages\/1223\/revisions\/1461"}],"wp:attachment":[{"href":"https:\/\/punktprojektowy.pl\/index.php\/wp-json\/wp\/v2\/media?parent=1223"}],"curies":[{"name":"wp","href":"https:\/\/api.w.org\/{rel}","templated":true}]}}