{"id":115,"date":"2019-05-05T22:58:45","date_gmt":"2019-05-05T20:58:45","guid":{"rendered":"http:\/\/punktprojektowy.pl\/?page_id=115"},"modified":"2024-03-23T14:52:02","modified_gmt":"2024-03-23T13:52:02","slug":"polityka-prywatnosci","status":"publish","type":"page","link":"https:\/\/punktprojektowy.pl\/index.php\/polityka-prywatnosci\/","title":{"rendered":"POLITYKA PRYWATNO\u015aCI"},"content":{"rendered":"\n<h2 class=\"wp-block-heading\">POLITYKA PRYWATNO\u015aCI<\/h2>\n\n\n\n<ol class=\"wp-block-list\">\n<li>Korzystaj\u0105c z naszych us\u0142ug, a w tym wysy\u0142aj\u0105c wiadomo\u015b\u0107 email na adres punktprojektowy@gmail.com U\u017cytkownik zgadza si\u0119 na przetwarzanie jego danych osobowych.<\/li>\n\n\n\n<li>Administratorem danych osobowych jest A9 Studio Aneta Socha, NIP: 848-157-78-39.<\/li>\n\n\n\n<li>Dalszym podmiotem przetwarzaj\u0105cym dane osobowe jest Castorama Polska, dla kt\u00f3rej realizowana jest us\u0142uga projektowania.<\/li>\n\n\n\n<li>Dane gromadzone na potrzeby realizacji zam\u00f3wionej us\u0142ugi projektowej to: imi\u0119 i nazwisko, numer telefonu, adres email, opcjonalnie adres dostawy.<\/li>\n\n\n\n<li>Dane osobowe s\u0105 wykorzystywane w celu realizacji zam\u00f3wionej us\u0142ugi oraz do promocji us\u0142ugi projektowej.<\/li>\n\n\n\n<li>Podanie danych jest dobrowolne.<\/li>\n\n\n\n<li>U\u017cytkownik ma prawo wycofania zgody w dowolnym momencie.<\/li>\n\n\n\n<li>Dane osobowe s\u0105 przetwarzane przez rok od momentu wp\u0142aty kaucji za us\u0142ug\u0119 projektow\u0105.<\/li>\n\n\n\n<li>U\u017cytkownik ma prawo \u017c\u0105dania od administratora dost\u0119pu do jego danych osobowych, ich sprostowania, usuni\u0119cia lub ograniczenia przetwarzania, a tak\u017ce prawo wniesienia skargi do organu nadzorczego.<\/li>\n\n\n\n<li>W przypadku pyta\u0144 dotycz\u0105cych przetwarzania danych osobowych prosimy o kontakt, pisz\u0105c na adres punktprojektowy@gmail.com<\/li>\n<\/ol>\n","protected":false},"excerpt":{"rendered":"<div class=\"slide-text-bg2\">\n<h3>POLITYKA PRYWATNO\u015aCI<\/h3>\n<\/div>\n<div class=\"flex-btn-div\"><a href=\"https:\/\/punktprojektowy.pl\/index.php\/polityka-prywatnosci\/\" class=\"btn1 flex-btn\">Read More<\/a><\/div>\n","protected":false},"author":1,"featured_media":0,"parent":0,"menu_order":0,"comment_status":"closed","ping_status":"closed","template":"","meta":{"ngg_post_thumbnail":0,"footnotes":""},"class_list":["post-115","page","type-page","status-publish","hentry"],"yoast_head":"<!-- This site is optimized with the Yoast SEO plugin v27.4 - https:\/\/yoast.com\/product\/yoast-seo-wordpress\/ -->\n<title>POLITYKA PRYWATNO\u015aCI &#060; Aneta Socha - projektant<\/title>\n<meta name=\"description\" content=\"Polityka przechowywania i u\u017cywania danych osobowych.\" \/>\n<meta name=\"robots\" content=\"index, follow, max-snippet:-1, max-image-preview:large, max-video-preview:-1\" \/>\n<link rel=\"canonical\" href=\"https:\/\/punktprojektowy.pl\/index.php\/polityka-prywatnosci\/\" \/>\n<meta property=\"og:locale\" content=\"pl_PL\" \/>\n<meta property=\"og:type\" content=\"article\" \/>\n<meta property=\"og:title\" content=\"POLITYKA PRYWATNO\u015aCI &#060; Aneta Socha - projektant\" \/>\n<meta property=\"og:description\" content=\"Polityka przechowywania i u\u017cywania danych osobowych.\" \/>\n<meta property=\"og:url\" content=\"https:\/\/punktprojektowy.pl\/index.php\/polityka-prywatnosci\/\" \/>\n<meta property=\"og:site_name\" content=\"Aneta Socha - projektant\" \/>\n<meta property=\"article:publisher\" content=\"https:\/\/www.facebook.com\/projektowy\" \/>\n<meta property=\"article:modified_time\" content=\"2024-03-23T13:52:02+00:00\" \/>\n<meta name=\"twitter:card\" content=\"summary_large_image\" \/>\n<meta name=\"twitter:label1\" content=\"Szacowany czas czytania\" \/>\n\t<meta name=\"twitter:data1\" content=\"1 minuta\" \/>\n<script type=\"application\/ld+json\" class=\"yoast-schema-graph\">{\"@context\":\"https:\\\/\\\/schema.org\",\"@graph\":[{\"@type\":\"WebPage\",\"@id\":\"https:\\\/\\\/punktprojektowy.pl\\\/index.php\\\/polityka-prywatnosci\\\/\",\"url\":\"https:\\\/\\\/punktprojektowy.pl\\\/index.php\\\/polityka-prywatnosci\\\/\",\"name\":\"POLITYKA PRYWATNO\u015aCI &#060; Aneta Socha - projektant\",\"isPartOf\":{\"@id\":\"https:\\\/\\\/punktprojektowy.pl\\\/#website\"},\"datePublished\":\"2019-05-05T20:58:45+00:00\",\"dateModified\":\"2024-03-23T13:52:02+00:00\",\"description\":\"Polityka przechowywania i u\u017cywania danych osobowych.\",\"breadcrumb\":{\"@id\":\"https:\\\/\\\/punktprojektowy.pl\\\/index.php\\\/polityka-prywatnosci\\\/#breadcrumb\"},\"inLanguage\":\"pl-PL\",\"potentialAction\":[{\"@type\":\"ReadAction\",\"target\":[\"https:\\\/\\\/punktprojektowy.pl\\\/index.php\\\/polityka-prywatnosci\\\/\"]}]},{\"@type\":\"BreadcrumbList\",\"@id\":\"https:\\\/\\\/punktprojektowy.pl\\\/index.php\\\/polityka-prywatnosci\\\/#breadcrumb\",\"itemListElement\":[{\"@type\":\"ListItem\",\"position\":1,\"name\":\"Strona g\u0142\u00f3wna\",\"item\":\"https:\\\/\\\/punktprojektowy.pl\\\/\"},{\"@type\":\"ListItem\",\"position\":2,\"name\":\"POLITYKA PRYWATNO\u015aCI\"}]},{\"@type\":\"WebSite\",\"@id\":\"https:\\\/\\\/punktprojektowy.pl\\\/#website\",\"url\":\"https:\\\/\\\/punktprojektowy.pl\\\/\",\"name\":\"Aneta Socha - projektant\",\"description\":\"Projektowanie kuchni, \u0142azienki, garderoby w Sklepie Castorama Warszawa-W\u0142ochy\",\"publisher\":{\"@id\":\"https:\\\/\\\/punktprojektowy.pl\\\/#organization\"},\"potentialAction\":[{\"@type\":\"SearchAction\",\"target\":{\"@type\":\"EntryPoint\",\"urlTemplate\":\"https:\\\/\\\/punktprojektowy.pl\\\/?s={search_term_string}\"},\"query-input\":{\"@type\":\"PropertyValueSpecification\",\"valueRequired\":true,\"valueName\":\"search_term_string\"}}],\"inLanguage\":\"pl-PL\"},{\"@type\":\"Organization\",\"@id\":\"https:\\\/\\\/punktprojektowy.pl\\\/#organization\",\"name\":\"Punkt Projektowy Castorama Warszawa-W\u0142ochy\",\"url\":\"https:\\\/\\\/punktprojektowy.pl\\\/\",\"logo\":{\"@type\":\"ImageObject\",\"inLanguage\":\"pl-PL\",\"@id\":\"https:\\\/\\\/punktprojektowy.pl\\\/#\\\/schema\\\/logo\\\/image\\\/\",\"url\":\"http:\\\/\\\/punktprojektowy.pl\\\/wp-content\\\/uploads\\\/2019\\\/05\\\/logo.jpg\",\"contentUrl\":\"http:\\\/\\\/punktprojektowy.pl\\\/wp-content\\\/uploads\\\/2019\\\/05\\\/logo.jpg\",\"width\":311,\"height\":307,\"caption\":\"Punkt Projektowy Castorama Warszawa-W\u0142ochy\"},\"image\":{\"@id\":\"https:\\\/\\\/punktprojektowy.pl\\\/#\\\/schema\\\/logo\\\/image\\\/\"},\"sameAs\":[\"https:\\\/\\\/www.facebook.com\\\/projektowy\"]}]}<\/script>\n<!-- \/ Yoast SEO plugin. -->","yoast_head_json":{"title":"POLITYKA PRYWATNO\u015aCI &#060; Aneta Socha - projektant","description":"Polityka przechowywania i u\u017cywania danych osobowych.","robots":{"index":"index","follow":"follow","max-snippet":"max-snippet:-1","max-image-preview":"max-image-preview:large","max-video-preview":"max-video-preview:-1"},"canonical":"https:\/\/punktprojektowy.pl\/index.php\/polityka-prywatnosci\/","og_locale":"pl_PL","og_type":"article","og_title":"POLITYKA PRYWATNO\u015aCI &#060; Aneta Socha - projektant","og_description":"Polityka przechowywania i u\u017cywania danych osobowych.","og_url":"https:\/\/punktprojektowy.pl\/index.php\/polityka-prywatnosci\/","og_site_name":"Aneta Socha - projektant","article_publisher":"https:\/\/www.facebook.com\/projektowy","article_modified_time":"2024-03-23T13:52:02+00:00","twitter_card":"summary_large_image","twitter_misc":{"Szacowany czas czytania":"1 minuta"},"schema":{"@context":"https:\/\/schema.org","@graph":[{"@type":"WebPage","@id":"https:\/\/punktprojektowy.pl\/index.php\/polityka-prywatnosci\/","url":"https:\/\/punktprojektowy.pl\/index.php\/polityka-prywatnosci\/","name":"POLITYKA PRYWATNO\u015aCI &#060; Aneta Socha - projektant","isPartOf":{"@id":"https:\/\/punktprojektowy.pl\/#website"},"datePublished":"2019-05-05T20:58:45+00:00","dateModified":"2024-03-23T13:52:02+00:00","description":"Polityka przechowywania i u\u017cywania danych osobowych.","breadcrumb":{"@id":"https:\/\/punktprojektowy.pl\/index.php\/polityka-prywatnosci\/#breadcrumb"},"inLanguage":"pl-PL","potentialAction":[{"@type":"ReadAction","target":["https:\/\/punktprojektowy.pl\/index.php\/polityka-prywatnosci\/"]}]},{"@type":"BreadcrumbList","@id":"https:\/\/punktprojektowy.pl\/index.php\/polityka-prywatnosci\/#breadcrumb","itemListElement":[{"@type":"ListItem","position":1,"name":"Strona g\u0142\u00f3wna","item":"https:\/\/punktprojektowy.pl\/"},{"@type":"ListItem","position":2,"name":"POLITYKA PRYWATNO\u015aCI"}]},{"@type":"WebSite","@id":"https:\/\/punktprojektowy.pl\/#website","url":"https:\/\/punktprojektowy.pl\/","name":"Aneta Socha - projektant","description":"Projektowanie kuchni, \u0142azienki, garderoby w Sklepie Castorama Warszawa-W\u0142ochy","publisher":{"@id":"https:\/\/punktprojektowy.pl\/#organization"},"potentialAction":[{"@type":"SearchAction","target":{"@type":"EntryPoint","urlTemplate":"https:\/\/punktprojektowy.pl\/?s={search_term_string}"},"query-input":{"@type":"PropertyValueSpecification","valueRequired":true,"valueName":"search_term_string"}}],"inLanguage":"pl-PL"},{"@type":"Organization","@id":"https:\/\/punktprojektowy.pl\/#organization","name":"Punkt Projektowy Castorama Warszawa-W\u0142ochy","url":"https:\/\/punktprojektowy.pl\/","logo":{"@type":"ImageObject","inLanguage":"pl-PL","@id":"https:\/\/punktprojektowy.pl\/#\/schema\/logo\/image\/","url":"http:\/\/punktprojektowy.pl\/wp-content\/uploads\/2019\/05\/logo.jpg","contentUrl":"http:\/\/punktprojektowy.pl\/wp-content\/uploads\/2019\/05\/logo.jpg","width":311,"height":307,"caption":"Punkt Projektowy Castorama Warszawa-W\u0142ochy"},"image":{"@id":"https:\/\/punktprojektowy.pl\/#\/schema\/logo\/image\/"},"sameAs":["https:\/\/www.facebook.com\/projektowy"]}]}},"_links":{"self":[{"href":"https:\/\/punktprojektowy.pl\/index.php\/wp-json\/wp\/v2\/pages\/115","targetHints":{"allow":["GET"]}}],"collection":[{"href":"https:\/\/punktprojektowy.pl\/index.php\/wp-json\/wp\/v2\/pages"}],"about":[{"href":"https:\/\/punktprojektowy.pl\/index.php\/wp-json\/wp\/v2\/types\/page"}],"author":[{"embeddable":true,"href":"https:\/\/punktprojektowy.pl\/index.php\/wp-json\/wp\/v2\/users\/1"}],"replies":[{"embeddable":true,"href":"https:\/\/punktprojektowy.pl\/index.php\/wp-json\/wp\/v2\/comments?post=115"}],"version-history":[{"count":7,"href":"https:\/\/punktprojektowy.pl\/index.php\/wp-json\/wp\/v2\/pages\/115\/revisions"}],"predecessor-version":[{"id":1538,"href":"https:\/\/punktprojektowy.pl\/index.php\/wp-json\/wp\/v2\/pages\/115\/revisions\/1538"}],"wp:attachment":[{"href":"https:\/\/punktprojektowy.pl\/index.php\/wp-json\/wp\/v2\/media?parent=115"}],"curies":[{"name":"wp","href":"https:\/\/api.w.org\/{rel}","templated":true}]}}